{"id":1844,"date":"2022-04-22T10:16:26","date_gmt":"2022-04-22T10:16:26","guid":{"rendered":"https:\/\/www.vimto.com\/?page_id=1844"},"modified":"2024-04-22T15:54:10","modified_gmt":"2024-04-22T15:54:10","slug":"accueil","status":"publish","type":"page","link":"https:\/\/www.vimto.com\/fr\/","title":{"rendered":"Accueil"},"content":{"rendered":"<section class=\"site-hero\">\n\t<div class=\"site-hero__slider\" data-behaviour=\"slider\">\n\t\t\t\t\t\t\t\t\t\t\t<img decoding=\"async\" src=\"https:\/\/www.vimto.com\/wp-content\/uploads\/2022\/07\/About-us.jpg\"\n     data-srcset=\"https:\/\/www.vimto.com\/wp-content\/uploads\/2022\/07\/About-us.jpg 360w,\n                https:\/\/www.vimto.com\/wp-content\/uploads\/2022\/07\/About-us.jpg 768w,\n                https:\/\/www.vimto.com\/wp-content\/uploads\/2022\/07\/About-us.jpg 1440w,\n                https:\/\/www.vimto.com\/wp-content\/uploads\/2022\/07\/About-us.jpg 2000w\" \n                                \/>\t\t\t\t\t\t\t\t\t\t\t<img decoding=\"async\" src=\"https:\/\/www.vimto.com\/wp-content\/uploads\/2022\/07\/Home-2-of-2.jpg\"\n     data-srcset=\"https:\/\/www.vimto.com\/wp-content\/uploads\/2022\/07\/Home-2-of-2.jpg 360w,\n                https:\/\/www.vimto.com\/wp-content\/uploads\/2022\/07\/Home-2-of-2.jpg 768w,\n                https:\/\/www.vimto.com\/wp-content\/uploads\/2022\/07\/Home-2-of-2.jpg 1440w,\n                https:\/\/www.vimto.com\/wp-content\/uploads\/2022\/07\/Home-2-of-2.jpg 2000w\" \n                                \/>\t\t\t\t\t\t\t\t\t\t\t<img decoding=\"async\" src=\"https:\/\/www.vimto.com\/wp-content\/uploads\/2022\/07\/Home-1-of-2.jpg\"\n     data-srcset=\"https:\/\/www.vimto.com\/wp-content\/uploads\/2022\/07\/Home-1-of-2.jpg 360w,\n                https:\/\/www.vimto.com\/wp-content\/uploads\/2022\/07\/Home-1-of-2.jpg 768w,\n                https:\/\/www.vimto.com\/wp-content\/uploads\/2022\/07\/Home-1-of-2.jpg 1440w,\n                https:\/\/www.vimto.com\/wp-content\/uploads\/2022\/07\/Home-1-of-2.jpg 2000w\" \n                                \/>\t\t\t<\/div>\n\t<div class=\"u-hidden nav-wrapper\">\n            <a class=\"hs-prev\">Prev arrow<\/a>\n            <a class=\"hs-next\">Next arrow<\/a>\n        <\/div>\n\n\t<div class=\"site-hero__content\">\n\t\t<div class=\"container container--medium site-hero__inner\">\n\t\t\t<div class=\"site-hero__heading\">\n\n\t\t\t\t                    <h1 class=\"h1 site-hero__title\">Bienvenue chez Vimto International<\/h1>\n                \n\t\t\t<\/div>\n\t\t\t<div class=\"site-hero__description\">\n\t\t\t\t<p><span style=\"font-weight: 400\">Vimto est un soda au go\u00fbt indescriptible qui apporte un rafra\u00eechissement unique dans le monde entier. Cette boisson a \u00e9t\u00e9 invent\u00e9e en 1908 par John Noel Nichols \u00e0 Manchester, en Angleterre. Con\u00e7ue comme un tonic sain et vivifiant, elle est compos\u00e9e d\u2019un m\u00e9lange de fruits, d\u2019herbes et d\u2019\u00e9pices destin\u00e9s \u00e0 donner vigueur et vitalit\u00e9 \u00e0 ses consommateurs. Initialement appel\u00e9 Vimtonic, et d\u00e9sormais connu sous le nom de Vimto, sa recette reste aujourd\u2019hui encore un secret.<\/span><\/p>\n<p><span style=\"font-weight: 400\">Vimto fait partie du portefeuille de Nichols plc, qui comprend \u00e9galement nos autres marques telles que Starslush, ainsi que des marques sous licence comme Sunkist, ICEE et SLUSH PUPPiE.<\/span><\/p>\n\n\t\t\t\t\t\t\t<\/div>\n\t\t<\/div>\n\t<\/div>\n<\/section>\n\n\n<section  class=\"c-content-with-image content-section content-with-image--\">\n\t<div class=\"container container--medium\">\n\t\t<div class=\"content-with-image \">\n\t\t\t<div class=\"content-with-image__col content-with-image__image\">\n\t\t\t\t\t\t\t\t\t\t\t\t<img decoding=\"async\" src=\"https:\/\/www.vimto.com\/wp-content\/uploads\/2022\/04\/BACKGROUND-IMAGE.jpg\"\n     data-srcset=\"https:\/\/www.vimto.com\/wp-content\/uploads\/2022\/04\/BACKGROUND-IMAGE.jpg 360w,\n                https:\/\/www.vimto.com\/wp-content\/uploads\/2022\/04\/BACKGROUND-IMAGE.jpg 768w,\n                https:\/\/www.vimto.com\/wp-content\/uploads\/2022\/04\/BACKGROUND-IMAGE.jpg 1440w,\n                https:\/\/www.vimto.com\/wp-content\/uploads\/2022\/04\/BACKGROUND-IMAGE.jpg 2000w\" \n                                \/>\t\t\t<\/div>\n\t\t\t<div class=\"content-with-image__col content-with-image__content\">\n\t\t\t\t\n\t\t\t\t\t\t\t\t\t\t\t<h2 class=\"content-with-image__heading\">Pr\u00e9sence dans 60 pays<\/h2>\n\t\t\t\t\t\t\t\t\t\t\n\t\t\t\t\t\t\t\t\t\t\t\t<p>Cr\u00e9\u00e9 en 1908 \u00e0 Manchester, au Royaume-Uni, Vimto est aujourd\u2019hui appr\u00e9ci\u00e9 dans le monde entier, et de nouveaux march\u00e9s d\u00e9couvrent constamment son go\u00fbt unique. Vimto peut \u00eatre d\u00e9clin\u00e9 en sirop, boisson gazeuse ou non gazeuse, conditionn\u00e9 en bouteilles de verre, en canettes, en bouteilles PET, en bouteilles de sport et en cartons alimentaires.<\/p>\n\n\t\t\t\t\t\t\t\t\t<a href=\"\/fr\/qui-sommes-nous\/\" class=\"btn content-with-image__btn\" >Trouver Vimto dans votre r\u00e9gion<\/a>\n\t\t\t\t\t\t\t<\/div>\n\t\t<\/div>\n\t<\/div>\n<\/section>\n\n\n<section class=\"c-product-range c-product-range--content \">\n\t\t\t<div class=\"container container--medium\">\n\t\t\t<div class=\"c-product-range__head\">\n\t\t\t\t<h2 class=\"c-product-range__heading h1\">La gamme Vimto<\/h2>\n\t\t\t\t<p>Si vous souhaitez distribuer Vimto, cliquez sur votre pays dans la section <a href=\"https:\/\/www.vimto.com\/fr\/qui-sommes-nous\/\"><strong>O\u00f9 nous trouver<\/strong><\/a> pour trouver le bon interlocuteur. Si Vimto n\u2019est pas disponible pour le moment, cliquez sur <a href=\"https:\/\/www.vimto.com\/fr\/contact\/\"><strong>Contactez-nous.<\/strong><\/a><\/p>\n\n\t\t\t<\/div>\n\t\t<\/div>\n\t\t<div class=\"section-background\">\n\t\t<div class=\"container container--medium\">\n\t\t\t<div class=\"grid grid--with-gutter\">\n\t\t\t\t\t\t\t\t\t<div class=\"col-6 col-md-12 c-product-range__item c-product-range__item--\">\n\t\t\t\t\t\t<figure class=\"c-product-range__image\">\n\t\t\t\t\t\t\t\t\t\t\t\t\t\t\t\t\t\t\t\t\t<img decoding=\"async\" src=\"https:\/\/www.vimto.com\/wp-content\/uploads\/2022\/04\/product.png\"\n     data-srcset=\"https:\/\/www.vimto.com\/wp-content\/uploads\/2022\/04\/product.png 360w,\n                https:\/\/www.vimto.com\/wp-content\/uploads\/2022\/04\/product.png 768w,\n                https:\/\/www.vimto.com\/wp-content\/uploads\/2022\/04\/product.png 1440w,\n                https:\/\/www.vimto.com\/wp-content\/uploads\/2022\/04\/product.png 2000w\" \n                                \/>\t\t\t\t\t\t<\/figure>\n\t\t\t\t\t\t<div class=\"c-product-range__details\">\n\t\t\t\t\t\t\t\t\t\t\t\t\t\t\t<h2 class=\"c-product-range__details-heading\">La gamme Vimto ROUGE<\/h2>\n\t\t\t\t\t\t\t\t\t\t\t\t\t\t<p><span style=\"font-weight: 400\">Vimto Fizzy Original, Vimto Malt, Vimto Past\u00e8que et Royal Castle Tonic composent notre gamme Vimto rouge. Ces produits sont fabriqu\u00e9s de mani\u00e8re centralis\u00e9e par Vimto International et export\u00e9s sur trois continents.<\/span><\/p>\n\n\t\t\t\t\t\t<\/div>\n\t\t\t\t\t<\/div>\n\t\t\t\t\t\t\t\t\t<div class=\"col-6 col-md-12 c-product-range__item c-product-range__item--\">\n\t\t\t\t\t\t<figure class=\"c-product-range__image\">\n\t\t\t\t\t\t\t\t\t\t\t\t\t\t\t\t\t\t\t\t\t<img decoding=\"async\" src=\"https:\/\/www.vimto.com\/wp-content\/uploads\/2022\/07\/Vimto-Purple-range-for-products-page.png\"\n     data-srcset=\"https:\/\/www.vimto.com\/wp-content\/uploads\/2022\/07\/Vimto-Purple-range-for-products-page.png 360w,\n                https:\/\/www.vimto.com\/wp-content\/uploads\/2022\/07\/Vimto-Purple-range-for-products-page.png 768w,\n                https:\/\/www.vimto.com\/wp-content\/uploads\/2022\/07\/Vimto-Purple-range-for-products-page.png 1440w,\n                https:\/\/www.vimto.com\/wp-content\/uploads\/2022\/07\/Vimto-Purple-range-for-products-page.png 2000w\" \n                                \/>\t\t\t\t\t\t<\/figure>\n\t\t\t\t\t\t<div class=\"c-product-range__details\">\n\t\t\t\t\t\t\t\t\t\t\t\t\t\t\t<h2 class=\"c-product-range__details-heading\">La gamme Vimto VIOLET<\/h2>\n\t\t\t\t\t\t\t\t\t\t\t\t\t\t<p>Fabriqu\u00e9e <span style=\"font-weight: 400\">localement par nos partenaires, mais \u00e9galement disponible \u00e0 l\u2019importation aupr\u00e8s de Vimto International, cette gamme propose des Vimto gazeux ou non, ainsi que des sirops.<\/span><\/p>\n\n\t\t\t\t\t\t<\/div>\n\t\t\t\t\t<\/div>\n\t\t\t\t\n\t\t\t<\/div>\n            \t\t\t<div class=\"c-product-range__action\">\n\t\t\t\t<a href=\"\/produits\/\"  class=\"btn btn-purple\">Voir notre gamme compl\u00e8te<\/a>\n\t\t\t<\/div>\n            \t\t<\/div>\n\t<\/div>\n<\/section>\n\n\n<section class=\"site-hero\">\n\t<div class=\"site-hero__slider\" data-behaviour=\"slider\">\n\t\t\t\t\t\t\t\t\t\t\t<img decoding=\"async\" src=\"https:\/\/www.vimto.com\/wp-content\/uploads\/2022\/04\/image-4-3-scaled.jpg\"\n     data-srcset=\"https:\/\/www.vimto.com\/wp-content\/uploads\/2022\/04\/image-4-3-scaled.jpg 360w,\n                https:\/\/www.vimto.com\/wp-content\/uploads\/2022\/04\/image-4-3-scaled.jpg 768w,\n                https:\/\/www.vimto.com\/wp-content\/uploads\/2022\/04\/image-4-3-scaled.jpg 1440w,\n                https:\/\/www.vimto.com\/wp-content\/uploads\/2022\/04\/image-4-3-scaled.jpg 2000w\" \n                                \/>\t\t\t<\/div>\n\t<div class=\"u-hidden nav-wrapper\">\n            <a class=\"hs-prev\">Prev arrow<\/a>\n            <a class=\"hs-next\">Next arrow<\/a>\n        <\/div>\n\n\t<div class=\"site-hero__content\">\n\t\t<div class=\"container container--medium site-hero__inner\">\n\t\t\t<div class=\"site-hero__heading\">\n\n\t\t\t\t                    <h1 class=\"h1 site-hero__title\">Depuis 1908<\/h1>\n                \n\t\t\t<\/div>\n\t\t\t<div class=\"site-hero__description\">\n\t\t\t\t<p>Division de Nichols plc, Vimto International est une entreprise mondiale dont le portefeuille de marques comprend Vimto (notre marque phare), les boissons 100 % naturelles Feel Good et une gamme de boissons givr\u00e9es.<\/p>\n\n\t\t\t\t\t\t\t\t\t<a href=\"\/histoire\/\"  class=\"btn\">D\u00e9couvrir notre histoire<\/a>\n\t\t\t\t\t\t\t<\/div>\n\t\t<\/div>\n\t<\/div>\n<\/section>\n\n\n<section class=\"site-hero\">\n\t<div class=\"site-hero__slider\" data-behaviour=\"slider\">\n\t\t\t\t\t\t\t\t\t\t\t<img decoding=\"async\" src=\"https:\/\/www.vimto.com\/wp-content\/uploads\/2022\/04\/image-4-2-scaled.jpg\"\n     data-srcset=\"https:\/\/www.vimto.com\/wp-content\/uploads\/2022\/04\/image-4-2-scaled.jpg 360w,\n                https:\/\/www.vimto.com\/wp-content\/uploads\/2022\/04\/image-4-2-scaled.jpg 768w,\n                https:\/\/www.vimto.com\/wp-content\/uploads\/2022\/04\/image-4-2-scaled.jpg 1440w,\n                https:\/\/www.vimto.com\/wp-content\/uploads\/2022\/04\/image-4-2-scaled.jpg 2000w\" \n                                \/>\t\t\t<\/div>\n\t<div class=\"u-hidden nav-wrapper\">\n            <a class=\"hs-prev\">Prev arrow<\/a>\n            <a class=\"hs-next\">Next arrow<\/a>\n        <\/div>\n\n\t<div class=\"site-hero__content\">\n\t\t<div class=\"container container--medium site-hero__inner\">\n\t\t\t<div class=\"site-hero__heading\">\n\n\t\t\t\t                    <h1 class=\"h1 site-hero__title\">Waves for Change<\/h1>\n                \n\t\t\t<\/div>\n\t\t\t<div class=\"site-hero__description\">\n\t\t\t\t<p><span style=\"font-weight: 400\">Vimto International soutient avec fiert\u00e9 Waves for Change, un organisme qui fournit des services de sant\u00e9 mentale aux enfants et aux jeunes des communaut\u00e9s d\u00e9favoris\u00e9es. <\/span><\/p>\n<p><span style=\"font-weight: 400\">La th\u00e9rapie par le surf associe les bienfaits de l\u2019activit\u00e9 physique \u00e0 des activit\u00e9s qui aident les jeunes \u00e0 \u00e9tablir des relations protectrices, \u00e0 identifier leurs \u00e9motions, \u00e0 s\u2019apaiser et \u00e0 se forger une image positive de leur avenir.<\/span><\/p>\n\n\t\t\t\t\t\t\t\t\t<a href=\"\/waves-for-change\/\"  class=\"btn\">En savoir plus<\/a>\n\t\t\t\t\t\t\t<\/div>\n\t\t<\/div>\n\t<\/div>\n<\/section>\n\n\n<section class=\"social-gallery-component\">\n\t<div class=\"container\">\n\t\t\t\t\t<ul class=\"social-gallery-component__list\">\n\t\t\t\t\t\t\t\t\t\t\t\t\t\t\t\t\t\t\t\t\t\t\t\t\t\t\t<li class=\"social-gallery-component__item\">\n\t\t\t\t\t\t\t<figure class=\"social-gallery-component__image\"><img decoding=\"async\" src=\"https:\/\/www.vimto.com\/wp-content\/uploads\/2022\/04\/Rectangle-8.jpg\"\n     data-srcset=\"https:\/\/www.vimto.com\/wp-content\/uploads\/2022\/04\/Rectangle-8.jpg 360w,\n                https:\/\/www.vimto.com\/wp-content\/uploads\/2022\/04\/Rectangle-8.jpg 768w,\n                https:\/\/www.vimto.com\/wp-content\/uploads\/2022\/04\/Rectangle-8.jpg 1440w,\n                https:\/\/www.vimto.com\/wp-content\/uploads\/2022\/04\/Rectangle-8.jpg 2000w\" \n                 data-behaviour=\"lightbox-image\" data-title=\"\"                 \/>\t\t\t\t\t\t\t<\/figure>\n\t\t\t\t\t\t<\/li>\n\t\t\t\t\t\t\t\t\t\t\n\t\t\t\t\t\t\t\t\t\t\t\t\t\t\t\t\t\t\t\t\t\t\t\t\t\t\t<li class=\"social-gallery-component__item\">\n\t\t\t\t\t\t\t<figure class=\"social-gallery-component__image\"><img decoding=\"async\" src=\"https:\/\/www.vimto.com\/wp-content\/uploads\/2022\/04\/Rectangle-7.jpg\"\n     data-srcset=\"https:\/\/www.vimto.com\/wp-content\/uploads\/2022\/04\/Rectangle-7.jpg 360w,\n                https:\/\/www.vimto.com\/wp-content\/uploads\/2022\/04\/Rectangle-7.jpg 768w,\n                https:\/\/www.vimto.com\/wp-content\/uploads\/2022\/04\/Rectangle-7.jpg 1440w,\n                https:\/\/www.vimto.com\/wp-content\/uploads\/2022\/04\/Rectangle-7.jpg 2000w\" \n                 data-behaviour=\"lightbox-image\" data-title=\"\"                 \/>\t\t\t\t\t\t\t<\/figure>\n\t\t\t\t\t\t<\/li>\n\t\t\t\t\t\t\t\t\t\t\n\t\t\t\t\t\t\t\t\t\t\t\t\t\t\t\t\t\t\t\t\t\t\t\t\t\t\t<li class=\"social-gallery-component__item\">\n\t\t\t\t\t\t\t<figure class=\"social-gallery-component__image\"><img decoding=\"async\" src=\"https:\/\/www.vimto.com\/wp-content\/uploads\/2022\/04\/Rectangle-4.jpg\"\n     data-srcset=\"https:\/\/www.vimto.com\/wp-content\/uploads\/2022\/04\/Rectangle-4.jpg 360w,\n                https:\/\/www.vimto.com\/wp-content\/uploads\/2022\/04\/Rectangle-4.jpg 768w,\n                https:\/\/www.vimto.com\/wp-content\/uploads\/2022\/04\/Rectangle-4.jpg 1440w,\n                https:\/\/www.vimto.com\/wp-content\/uploads\/2022\/04\/Rectangle-4.jpg 2000w\" \n                 data-behaviour=\"lightbox-image\" data-title=\"\"                 \/>\t\t\t\t\t\t\t<\/figure>\n\t\t\t\t\t\t<\/li>\n\t\t\t\t\t\t\t\t\t\t\n\t\t\t\t\t\t\t\t\t\t\t\t\t\t\t\t\t\t\t\t\t\t\t\t\t\t\t<li class=\"social-gallery-component__item\">\n\t\t\t\t\t\t\t<figure class=\"social-gallery-component__image\"><img decoding=\"async\" src=\"https:\/\/www.vimto.com\/wp-content\/uploads\/2022\/04\/Rectangle-6.jpg\"\n     data-srcset=\"https:\/\/www.vimto.com\/wp-content\/uploads\/2022\/04\/Rectangle-6.jpg 360w,\n                https:\/\/www.vimto.com\/wp-content\/uploads\/2022\/04\/Rectangle-6.jpg 768w,\n                https:\/\/www.vimto.com\/wp-content\/uploads\/2022\/04\/Rectangle-6.jpg 1440w,\n                https:\/\/www.vimto.com\/wp-content\/uploads\/2022\/04\/Rectangle-6.jpg 2000w\" \n                 data-behaviour=\"lightbox-image\" data-title=\"\"                 \/>\t\t\t\t\t\t\t<\/figure>\n\t\t\t\t\t\t<\/li>\n\t\t\t\t\t\t\t\t\t\t\n\t\t\t\t\t\t\t\t\t\t\t\t\t\t\t\t\t\t\t\t\t\t\t\t\t\t\t<li class=\"social-gallery-component__item\">\n\t\t\t\t\t\t\t<figure class=\"social-gallery-component__image\"><img decoding=\"async\" src=\"https:\/\/www.vimto.com\/wp-content\/uploads\/2022\/04\/Rectangle-3.jpg\"\n     data-srcset=\"https:\/\/www.vimto.com\/wp-content\/uploads\/2022\/04\/Rectangle-3.jpg 360w,\n                https:\/\/www.vimto.com\/wp-content\/uploads\/2022\/04\/Rectangle-3.jpg 768w,\n                https:\/\/www.vimto.com\/wp-content\/uploads\/2022\/04\/Rectangle-3.jpg 1440w,\n                https:\/\/www.vimto.com\/wp-content\/uploads\/2022\/04\/Rectangle-3.jpg 2000w\" \n                 data-behaviour=\"lightbox-image\" data-title=\"\"                 \/>\t\t\t\t\t\t\t<\/figure>\n\t\t\t\t\t\t<\/li>\n\t\t\t\t\t\t\t\t\t\t\n\t\t\t\t\t\t\t\t\t\t\t\t\t\t\t\t\t\t\t\t\t\t\t\t\t\t\t<li class=\"social-gallery-component__item\">\n\t\t\t\t\t\t\t<figure class=\"social-gallery-component__image\"><img decoding=\"async\" src=\"https:\/\/www.vimto.com\/wp-content\/uploads\/2022\/04\/Rectangle-3-1.jpg\"\n     data-srcset=\"https:\/\/www.vimto.com\/wp-content\/uploads\/2022\/04\/Rectangle-3-1.jpg 360w,\n                https:\/\/www.vimto.com\/wp-content\/uploads\/2022\/04\/Rectangle-3-1.jpg 768w,\n                https:\/\/www.vimto.com\/wp-content\/uploads\/2022\/04\/Rectangle-3-1.jpg 1440w,\n                https:\/\/www.vimto.com\/wp-content\/uploads\/2022\/04\/Rectangle-3-1.jpg 2000w\" \n                 data-behaviour=\"lightbox-image\" data-title=\"\"                 \/>\t\t\t\t\t\t\t<\/figure>\n\t\t\t\t\t\t<\/li>\n\t\t\t\t\t\t\t\t\t\t\n\t\t\t\t\t\t\t\t\t\t\t\t\t\t\t\t\t\t\t\t\t\t\t\t\t\t\t<li class=\"social-gallery-component__item\">\n\t\t\t\t\t\t\t<figure class=\"social-gallery-component__image\"><img decoding=\"async\" src=\"https:\/\/www.vimto.com\/wp-content\/uploads\/2022\/04\/Rectangle-2.jpg\"\n     data-srcset=\"https:\/\/www.vimto.com\/wp-content\/uploads\/2022\/04\/Rectangle-2.jpg 360w,\n                https:\/\/www.vimto.com\/wp-content\/uploads\/2022\/04\/Rectangle-2.jpg 768w,\n                https:\/\/www.vimto.com\/wp-content\/uploads\/2022\/04\/Rectangle-2.jpg 1440w,\n                https:\/\/www.vimto.com\/wp-content\/uploads\/2022\/04\/Rectangle-2.jpg 2000w\" \n                 data-behaviour=\"lightbox-image\" data-title=\"\"                 \/>\t\t\t\t\t\t\t<\/figure>\n\t\t\t\t\t\t<\/li>\n\t\t\t\t\t\t\t\t\t\t\n\t\t\t\t\t\t\t\t\t\t\t\t\t\t\t\t\t\t\t\t\t\t\t\t\t\t\t<li class=\"social-gallery-component__item\">\n\t\t\t\t\t\t\t<figure class=\"social-gallery-component__image\"><img decoding=\"async\" src=\"https:\/\/www.vimto.com\/wp-content\/uploads\/2022\/04\/Rectangle-4-1.jpg\"\n     data-srcset=\"https:\/\/www.vimto.com\/wp-content\/uploads\/2022\/04\/Rectangle-4-1.jpg 360w,\n                https:\/\/www.vimto.com\/wp-content\/uploads\/2022\/04\/Rectangle-4-1.jpg 768w,\n                https:\/\/www.vimto.com\/wp-content\/uploads\/2022\/04\/Rectangle-4-1.jpg 1440w,\n                https:\/\/www.vimto.com\/wp-content\/uploads\/2022\/04\/Rectangle-4-1.jpg 2000w\" \n                 data-behaviour=\"lightbox-image\" data-title=\"\"                 \/>\t\t\t\t\t\t\t<\/figure>\n\t\t\t\t\t\t<\/li>\n\t\t\t\t\t\t\t\t\t\t\n\t\t\t\t\t\t\t\t\t\t\t\t\t\t\t\t\t\t\t\t\t\t\t\t\t\t\t<li class=\"social-gallery-component__item\">\n\t\t\t\t\t\t\t<figure class=\"social-gallery-component__image\"><img decoding=\"async\" src=\"https:\/\/www.vimto.com\/wp-content\/uploads\/2022\/04\/Rectangle-4-2.jpg\"\n     data-srcset=\"https:\/\/www.vimto.com\/wp-content\/uploads\/2022\/04\/Rectangle-4-2.jpg 360w,\n                https:\/\/www.vimto.com\/wp-content\/uploads\/2022\/04\/Rectangle-4-2.jpg 768w,\n                https:\/\/www.vimto.com\/wp-content\/uploads\/2022\/04\/Rectangle-4-2.jpg 1440w,\n                https:\/\/www.vimto.com\/wp-content\/uploads\/2022\/04\/Rectangle-4-2.jpg 2000w\" \n                 data-behaviour=\"lightbox-image\" data-title=\"\"                 \/>\t\t\t\t\t\t\t<\/figure>\n\t\t\t\t\t\t<\/li>\n\t\t\t\t\t\t\t\t\t\t\n\t\t\t\t\t\t\t\t\t\t\t\t\t\t\t\t\t\t\t\t\t\t\t\t\t\t\t<li class=\"social-gallery-component__item\">\n\t\t\t\t\t\t\t<figure class=\"social-gallery-component__image\"><img decoding=\"async\" src=\"https:\/\/www.vimto.com\/wp-content\/uploads\/2022\/04\/Rectangle-5.jpg\"\n     data-srcset=\"https:\/\/www.vimto.com\/wp-content\/uploads\/2022\/04\/Rectangle-5.jpg 360w,\n                https:\/\/www.vimto.com\/wp-content\/uploads\/2022\/04\/Rectangle-5.jpg 768w,\n                https:\/\/www.vimto.com\/wp-content\/uploads\/2022\/04\/Rectangle-5.jpg 1440w,\n                https:\/\/www.vimto.com\/wp-content\/uploads\/2022\/04\/Rectangle-5.jpg 2000w\" \n                 data-behaviour=\"lightbox-image\" data-title=\"\"                 \/>\t\t\t\t\t\t\t<\/figure>\n\t\t\t\t\t\t<\/li>\n\t\t\t\t\t\t\t\t\t\t\n\t\t\t\t\t\t\t\t\t\t\t\t\t\t\t\t\t\t\t\t\t\t\t\t\t\t\t<li class=\"social-gallery-component__item\">\n\t\t\t\t\t\t\t<figure class=\"social-gallery-component__image\"><img decoding=\"async\" src=\"https:\/\/www.vimto.com\/wp-content\/uploads\/2022\/04\/Rectangle-5-1.jpg\"\n     data-srcset=\"https:\/\/www.vimto.com\/wp-content\/uploads\/2022\/04\/Rectangle-5-1.jpg 360w,\n                https:\/\/www.vimto.com\/wp-content\/uploads\/2022\/04\/Rectangle-5-1.jpg 768w,\n                https:\/\/www.vimto.com\/wp-content\/uploads\/2022\/04\/Rectangle-5-1.jpg 1440w,\n                https:\/\/www.vimto.com\/wp-content\/uploads\/2022\/04\/Rectangle-5-1.jpg 2000w\" \n                 data-behaviour=\"lightbox-image\" data-title=\"\"                 \/>\t\t\t\t\t\t\t<\/figure>\n\t\t\t\t\t\t<\/li>\n\t\t\t\t\t\t\t\t\t\t\n\t\t\t\t\t\t\t\t\t\t\t<\/ul>\n\t\t\t<\/div>\n<\/section>\n","protected":false},"excerpt":{"rendered":"","protected":false},"author":7,"featured_media":0,"parent":0,"menu_order":0,"comment_status":"closed","ping_status":"closed","template":"","meta":{"_acf_changed":false,"inline_featured_image":false,"footnotes":""},"class_list":["post-1844","page","type-page","status-publish","hentry"],"acf":[],"yoast_head":"<!-- This site is optimized with the Yoast SEO plugin v27.4 - https:\/\/yoast.com\/product\/yoast-seo-wordpress\/ -->\n<title>Accueil - Vimto International<\/title>\n<meta name=\"robots\" content=\"index, follow, max-snippet:-1, max-image-preview:large, max-video-preview:-1\" \/>\n<link rel=\"canonical\" href=\"https:\/\/www.vimto.com\/fr\/\" \/>\n<meta property=\"og:locale\" content=\"fr_FR\" \/>\n<meta property=\"og:type\" content=\"article\" \/>\n<meta property=\"og:title\" content=\"Accueil - Vimto International\" \/>\n<meta property=\"og:url\" content=\"https:\/\/www.vimto.com\/fr\/\" \/>\n<meta property=\"og:site_name\" content=\"Vimto International\" \/>\n<meta property=\"article:modified_time\" content=\"2024-04-22T15:54:10+00:00\" \/>\n<meta name=\"twitter:card\" content=\"summary_large_image\" \/>\n<script type=\"application\/ld+json\" class=\"yoast-schema-graph\">{\"@context\":\"https:\\\/\\\/schema.org\",\"@graph\":[{\"@type\":\"WebPage\",\"@id\":\"https:\\\/\\\/www.vimto.com\\\/fr\\\/\",\"url\":\"https:\\\/\\\/www.vimto.com\\\/fr\\\/\",\"name\":\"Accueil - Vimto International\",\"isPartOf\":{\"@id\":\"https:\\\/\\\/www.vimto.com\\\/#website\"},\"datePublished\":\"2022-04-22T10:16:26+00:00\",\"dateModified\":\"2024-04-22T15:54:10+00:00\",\"breadcrumb\":{\"@id\":\"https:\\\/\\\/www.vimto.com\\\/fr\\\/#breadcrumb\"},\"inLanguage\":\"fr-FR\",\"potentialAction\":[{\"@type\":\"ReadAction\",\"target\":[\"https:\\\/\\\/www.vimto.com\\\/fr\\\/\"]}]},{\"@type\":\"BreadcrumbList\",\"@id\":\"https:\\\/\\\/www.vimto.com\\\/fr\\\/#breadcrumb\",\"itemListElement\":[{\"@type\":\"ListItem\",\"position\":1,\"name\":\"Home\",\"item\":\"https:\\\/\\\/www.vimto.com\\\/fr\\\/\"},{\"@type\":\"ListItem\",\"position\":2,\"name\":\"Accueil\"}]},{\"@type\":\"WebSite\",\"@id\":\"https:\\\/\\\/www.vimto.com\\\/#website\",\"url\":\"https:\\\/\\\/www.vimto.com\\\/\",\"name\":\"Vimto International\",\"description\":\"\",\"potentialAction\":[{\"@type\":\"SearchAction\",\"target\":{\"@type\":\"EntryPoint\",\"urlTemplate\":\"https:\\\/\\\/www.vimto.com\\\/?s={search_term_string}\"},\"query-input\":{\"@type\":\"PropertyValueSpecification\",\"valueRequired\":true,\"valueName\":\"search_term_string\"}}],\"inLanguage\":\"fr-FR\"}]}<\/script>\n<!-- \/ Yoast SEO plugin. -->","yoast_head_json":{"title":"Accueil - Vimto International","robots":{"index":"index","follow":"follow","max-snippet":"max-snippet:-1","max-image-preview":"max-image-preview:large","max-video-preview":"max-video-preview:-1"},"canonical":"https:\/\/www.vimto.com\/fr\/","og_locale":"fr_FR","og_type":"article","og_title":"Accueil - Vimto International","og_url":"https:\/\/www.vimto.com\/fr\/","og_site_name":"Vimto International","article_modified_time":"2024-04-22T15:54:10+00:00","twitter_card":"summary_large_image","schema":{"@context":"https:\/\/schema.org","@graph":[{"@type":"WebPage","@id":"https:\/\/www.vimto.com\/fr\/","url":"https:\/\/www.vimto.com\/fr\/","name":"Accueil - Vimto International","isPartOf":{"@id":"https:\/\/www.vimto.com\/#website"},"datePublished":"2022-04-22T10:16:26+00:00","dateModified":"2024-04-22T15:54:10+00:00","breadcrumb":{"@id":"https:\/\/www.vimto.com\/fr\/#breadcrumb"},"inLanguage":"fr-FR","potentialAction":[{"@type":"ReadAction","target":["https:\/\/www.vimto.com\/fr\/"]}]},{"@type":"BreadcrumbList","@id":"https:\/\/www.vimto.com\/fr\/#breadcrumb","itemListElement":[{"@type":"ListItem","position":1,"name":"Home","item":"https:\/\/www.vimto.com\/fr\/"},{"@type":"ListItem","position":2,"name":"Accueil"}]},{"@type":"WebSite","@id":"https:\/\/www.vimto.com\/#website","url":"https:\/\/www.vimto.com\/","name":"Vimto International","description":"","potentialAction":[{"@type":"SearchAction","target":{"@type":"EntryPoint","urlTemplate":"https:\/\/www.vimto.com\/?s={search_term_string}"},"query-input":{"@type":"PropertyValueSpecification","valueRequired":true,"valueName":"search_term_string"}}],"inLanguage":"fr-FR"}]}},"_links":{"self":[{"href":"https:\/\/www.vimto.com\/fr\/wp-json\/wp\/v2\/pages\/1844","targetHints":{"allow":["GET"]}}],"collection":[{"href":"https:\/\/www.vimto.com\/fr\/wp-json\/wp\/v2\/pages"}],"about":[{"href":"https:\/\/www.vimto.com\/fr\/wp-json\/wp\/v2\/types\/page"}],"author":[{"embeddable":true,"href":"https:\/\/www.vimto.com\/fr\/wp-json\/wp\/v2\/users\/7"}],"replies":[{"embeddable":true,"href":"https:\/\/www.vimto.com\/fr\/wp-json\/wp\/v2\/comments?post=1844"}],"version-history":[{"count":0,"href":"https:\/\/www.vimto.com\/fr\/wp-json\/wp\/v2\/pages\/1844\/revisions"}],"wp:attachment":[{"href":"https:\/\/www.vimto.com\/fr\/wp-json\/wp\/v2\/media?parent=1844"}],"curies":[{"name":"wp","href":"https:\/\/api.w.org\/{rel}","templated":true}]}}