{"id":1852,"date":"2022-04-27T05:13:49","date_gmt":"2022-04-27T05:13:49","guid":{"rendered":"https:\/\/www.vimto.com\/?page_id=1852"},"modified":"2023-01-19T16:19:51","modified_gmt":"2023-01-19T16:19:51","slug":"page-waves-for-change","status":"publish","type":"page","link":"https:\/\/www.vimto.com\/fr\/page-waves-for-change\/","title":{"rendered":"\u00ab\u00a0Waves for Change\u00a0\u00bb"},"content":{"rendered":"<section class=\"site-hero site-hero--mobile-content\">\n\t<div class=\"site-hero__slider\" data-behaviour=\"slider\">\n\t\t\t\t\t\t\t\t\t\t\t<img decoding=\"async\" src=\"https:\/\/www.vimto.com\/wp-content\/uploads\/2022\/04\/image-4-2-scaled.jpg\"\n     data-srcset=\"https:\/\/www.vimto.com\/wp-content\/uploads\/2022\/04\/image-4-2-scaled.jpg 360w,\n                https:\/\/www.vimto.com\/wp-content\/uploads\/2022\/04\/image-4-2-scaled.jpg 768w,\n                https:\/\/www.vimto.com\/wp-content\/uploads\/2022\/04\/image-4-2-scaled.jpg 1440w,\n                https:\/\/www.vimto.com\/wp-content\/uploads\/2022\/04\/image-4-2-scaled.jpg 2000w\" \n                                \/>\t\t\t<\/div>\n\t<div class=\"u-hidden nav-wrapper\">\n            <a class=\"hs-prev\">Prev arrow<\/a>\n            <a class=\"hs-next\">Next arrow<\/a>\n        <\/div>\n\n\t<div class=\"site-hero__content\">\n\t\t<div class=\"container container--medium site-hero__inner\">\n\t\t\t<div class=\"site-hero__heading\">\n\n\t\t\t\t                    <h1 class=\"h1 site-hero__title\">Waves for Change<\/h1>\n                \n\t\t\t<\/div>\n\t\t\t<div class=\"site-hero__description\">\n\t\t\t\t<p>Vimto International soutient avec fiert\u00e9 Waves For Change, un organisme qui fournit des services de sant\u00e9 mentale aux enfants et aux jeunes des communaut\u00e9s d\u00e9favoris\u00e9es. Changer des vies, vague apr\u00e8s vague.<\/p>\n\n\t\t\t\t\t\t\t<\/div>\n\t\t<\/div>\n\t<\/div>\n<\/section>\n\n\n<section  class=\"c-content-with-image content-section content-with-image--blanc\">\n\t<div class=\"container container--medium\">\n\t\t<div class=\"content-with-image \">\n\t\t\t<div class=\"content-with-image__col content-with-image__image\">\n\t\t\t\t\t\t\t\t\t\t\t\t<img decoding=\"async\" src=\"https:\/\/www.vimto.com\/wp-content\/uploads\/2022\/04\/Coping-mechanisms.jpg\"\n     data-srcset=\"https:\/\/www.vimto.com\/wp-content\/uploads\/2022\/04\/Coping-mechanisms.jpg 360w,\n                https:\/\/www.vimto.com\/wp-content\/uploads\/2022\/04\/Coping-mechanisms.jpg 768w,\n                https:\/\/www.vimto.com\/wp-content\/uploads\/2022\/04\/Coping-mechanisms.jpg 1440w,\n                https:\/\/www.vimto.com\/wp-content\/uploads\/2022\/04\/Coping-mechanisms.jpg 2000w\" \n                                \/>\t\t\t<\/div>\n\t\t\t<div class=\"content-with-image__col content-with-image__content\">\n\t\t\t\t\n\t\t\t\t\t\t\t\t\t\t\t<h2 class=\"content-with-image__heading\">Changer des vies, vague apr\u00e8s vague.<\/h2>\n\t\t\t\t\t\t\t\t\t\t\n\t\t\t\t\t\t\t\t\t\t\t\t<p>Waves for Change (W4C) a vu le jour en 2009 sous la forme d\u2019un petit club de surf informel, ouvert le week-end, et r\u00e9unissant une poign\u00e9e d\u2019enfants de Masiphumelele (Le Cap, Afrique du Sud). Chaque week-end, les cofondateurs Tim Conibear (originaire du Royaume-Uni) et Apish Tshetsha (un responsable local de la jeunesse Masiphumelele) emm\u00e8nent les enfants surfer \u00e0 Muizenberg Beach, une plage historiquement r\u00e9serv\u00e9e aux Blancs, avec des vagues parfaites pour les d\u00e9butants. La plupart de ces enfants n\u2019ont jamais mis les pieds dans l\u2019eau, mais Tim, Apish et l\u2019\u00e9quipe ne se contentent pas de leur enseigner le surf.<\/p>\n\n\t\t\t\t\t\t\t<\/div>\n\t\t<\/div>\n\t<\/div>\n<\/section>\n\n\n<section class=\"c-quote-cta c-quote-cta--violet \">\n\t<div class=\"container container--medium\">\n\t\t<div class=\"grid u-justify-center\">\n\t\t\t<div class=\"col-11 col-md-12\">\n\t\t\t\t\t\t\t\t\t<h2 class=\"h1 c-quote-cta__heading text-uppercase\">Un impact sur la fa\u00e7on dont les enfants et les jeunes adultes se per\u00e7oivent eux-m\u00eames<\/h2>\n\t\t\t\t\t\t\t\t<p>Cette organisation caritative permet \u00e0 des enfants sud-africains issus de milieux d\u00e9favoris\u00e9s, souvent des townships,<br \/>\no\u00f9 ils sont confront\u00e9s en moyenne \u00e0 huit \u00e9v\u00e9nements traumatisants par an et n\u2019ont pas acc\u00e8s aux services de sant\u00e9 mentale dont ils auraient besoin, de faire l\u2019exp\u00e9rience des sensations fortes du surf et de se sentir en s\u00e9curit\u00e9, \u00e9cout\u00e9s et connect\u00e9s. Les enfants ont souvent \u00e9t\u00e9 en contact avec la culture des gangs, la toxicomanie et l\u2019alcoolisme, et gr\u00e2ce \u00e0 la th\u00e9rapie par le surf, W4C leur offre un r\u00e9pit et leur permet d\u2019\u00e9chapper au stress d\u00fb \u00e0 l\u2019adversit\u00e9 qu\u2019ils subissent quotidiennement. Les s\u00e9ances reposent sur un concept de \u00ab soi positif \u00bb par la ma\u00eetrise autonome de nouvelles t\u00e2ches difficiles telles que le surf et la m\u00e9ditation, ainsi que par la transmission de comp\u00e9tences de vie, de comportements et d\u2019interactions communautaires. Au c\u0153ur du programme, des jeunes issus de contextes identiques ou similaires \u00e0 ceux des participants sont recrut\u00e9s en raison de leurs valeurs et de leur volont\u00e9 d\u2019\u00eatre des acteurs du changement dans leur communaut\u00e9.<\/p>\n\n\t\t\t\t\t\t\t<\/div>\n\t\t<\/div>\n\t<\/div>\n<\/section>\n\n\n<section  class=\"c-content-with-image content-section content-with-image--blanc\">\n\t<div class=\"container container--medium\">\n\t\t<div class=\"content-with-image content-with-image--flipped\">\n\t\t\t<div class=\"content-with-image__col content-with-image__image\">\n\t\t\t\t\t\t\t\t\t\t\t\t<img decoding=\"async\" src=\"https:\/\/www.vimto.com\/wp-content\/uploads\/2022\/04\/surf-therapy.jpg\"\n     data-srcset=\"https:\/\/www.vimto.com\/wp-content\/uploads\/2022\/04\/surf-therapy.jpg 360w,\n                https:\/\/www.vimto.com\/wp-content\/uploads\/2022\/04\/surf-therapy.jpg 768w,\n                https:\/\/www.vimto.com\/wp-content\/uploads\/2022\/04\/surf-therapy.jpg 1440w,\n                https:\/\/www.vimto.com\/wp-content\/uploads\/2022\/04\/surf-therapy.jpg 2000w\" \n                                \/>\t\t\t<\/div>\n\t\t\t<div class=\"content-with-image__col content-with-image__content\">\n\t\t\t\t\t\t\t\t\t\t\t\t<p style=\"text-align: left\">Vimto soutient fi\u00e8rement W4C depuis sa cr\u00e9ation, il y a 11 ans. Nous soutenons les cadres et animateurs de cette th\u00e9rapie par le surf en investissant dans leurs comp\u00e9tences et leurs connaissances, et en fournissant des ressources telles que le transport, les planches de surf, les combinaisons et l\u2019acc\u00e8s \u00e0 des psychologues qui proposent ce service de bien-\u00eatre inclusif.<\/p>\n<p style=\"text-align: left\">W4C dispose d\u00e9sormais de sites en Afrique du Sud, au Liberia et en Sierra Leone et pr\u00e9voit de se d\u00e9velopper au Kenya, en Tanzanie et au S\u00e9n\u00e9gal. 65 instructeurs encadrent plus de 2 000 enfants par semaine. L\u2019organisation a remport\u00e9 cinq prix importants, dont le prix Laureus Sport for Good 2017.<\/p>\n\n\t\t\t\t\t\t\t\t\t<a href=\"https:\/\/waves-for-change.org\/\" class=\"btn content-with-image__btn\"  target=\"_blank\" rel=\"noopener noreferrer nofollow\">En savoir plus<\/a>\n\t\t\t\t\t\t\t<\/div>\n\t\t<\/div>\n\t<\/div>\n<\/section>\n\n\n<section class=\"site-hero site-hero--mobile-content\">\n\t<div class=\"site-hero__slider\" data-behaviour=\"slider\">\n\t\t\t\t\t\t\t\t\t\t\t<img decoding=\"async\" src=\"https:\/\/www.vimto.com\/wp-content\/uploads\/2022\/04\/hero.jpg\"\n     data-srcset=\"https:\/\/www.vimto.com\/wp-content\/uploads\/2022\/04\/hero.jpg 360w,\n                https:\/\/www.vimto.com\/wp-content\/uploads\/2022\/04\/hero.jpg 768w,\n                https:\/\/www.vimto.com\/wp-content\/uploads\/2022\/04\/hero.jpg 1440w,\n                https:\/\/www.vimto.com\/wp-content\/uploads\/2022\/04\/hero.jpg 2000w\" \n                                \/>\t\t\t<\/div>\n\t<div class=\"u-hidden nav-wrapper\">\n            <a class=\"hs-prev\">Prev arrow<\/a>\n            <a class=\"hs-next\">Next arrow<\/a>\n        <\/div>\n\n\t<div class=\"site-hero__content\">\n\t\t<div class=\"container container--medium site-hero__inner\">\n\t\t\t<div class=\"site-hero__heading\">\n\n\t\t\t\t                    <h1 class=\"h1 site-hero__title\">Rencontrez les Surfeurs de la libert\u00e9<\/h1>\n                \n\t\t\t<\/div>\n\t\t\t<div class=\"site-hero__description\">\n\t\t\t\t<p>D\u00e9couvrez comment le projet Waves For Change, parrain\u00e9 par Vimto, offre \u00e0 des enfants d\u00e9favoris\u00e9s de Cape Flats, en Afrique du Sud, une th\u00e9rapie par le surf qui leur change la vie.<\/p>\n\n\t\t\t\t\t\t\t\t\t<a href=\"https:\/\/waves-for-change.org\/\"  target=\"_blank\" rel=\"noopener noreferrer nofollow\" class=\"btn\">Regarder la vid\u00e9o<\/a>\n\t\t\t\t\t\t\t<\/div>\n\t\t<\/div>\n\t<\/div>\n<\/section>\n","protected":false},"excerpt":{"rendered":"","protected":false},"author":7,"featured_media":0,"parent":0,"menu_order":0,"comment_status":"closed","ping_status":"closed","template":"","meta":{"_acf_changed":false,"inline_featured_image":false,"footnotes":""},"class_list":["post-1852","page","type-page","status-publish","hentry"],"acf":[],"yoast_head":"<!-- This site is optimized with the Yoast SEO plugin v27.4 - https:\/\/yoast.com\/product\/yoast-seo-wordpress\/ -->\n<title>&quot;Waves for Change&quot; - Vimto International<\/title>\n<meta name=\"robots\" content=\"index, follow, max-snippet:-1, max-image-preview:large, max-video-preview:-1\" \/>\n<link rel=\"canonical\" href=\"https:\/\/www.vimto.com\/fr\/page-waves-for-change\/\" \/>\n<meta property=\"og:locale\" content=\"fr_FR\" \/>\n<meta property=\"og:type\" content=\"article\" \/>\n<meta property=\"og:title\" content=\"&quot;Waves for Change&quot; - Vimto International\" \/>\n<meta property=\"og:url\" content=\"https:\/\/www.vimto.com\/fr\/page-waves-for-change\/\" \/>\n<meta property=\"og:site_name\" content=\"Vimto International\" \/>\n<meta property=\"article:modified_time\" content=\"2023-01-19T16:19:51+00:00\" \/>\n<meta name=\"twitter:card\" content=\"summary_large_image\" \/>\n<script type=\"application\/ld+json\" class=\"yoast-schema-graph\">{\"@context\":\"https:\\\/\\\/schema.org\",\"@graph\":[{\"@type\":\"WebPage\",\"@id\":\"https:\\\/\\\/www.vimto.com\\\/fr\\\/page-waves-for-change\\\/\",\"url\":\"https:\\\/\\\/www.vimto.com\\\/fr\\\/page-waves-for-change\\\/\",\"name\":\"\\\"Waves for Change\\\" - Vimto International\",\"isPartOf\":{\"@id\":\"https:\\\/\\\/www.vimto.com\\\/#website\"},\"datePublished\":\"2022-04-27T05:13:49+00:00\",\"dateModified\":\"2023-01-19T16:19:51+00:00\",\"breadcrumb\":{\"@id\":\"https:\\\/\\\/www.vimto.com\\\/fr\\\/page-waves-for-change\\\/#breadcrumb\"},\"inLanguage\":\"fr-FR\",\"potentialAction\":[{\"@type\":\"ReadAction\",\"target\":[\"https:\\\/\\\/www.vimto.com\\\/fr\\\/page-waves-for-change\\\/\"]}]},{\"@type\":\"BreadcrumbList\",\"@id\":\"https:\\\/\\\/www.vimto.com\\\/fr\\\/page-waves-for-change\\\/#breadcrumb\",\"itemListElement\":[{\"@type\":\"ListItem\",\"position\":1,\"name\":\"Home\",\"item\":\"https:\\\/\\\/www.vimto.com\\\/fr\\\/\"},{\"@type\":\"ListItem\",\"position\":2,\"name\":\"&#8220;Waves for Change&#8221;\"}]},{\"@type\":\"WebSite\",\"@id\":\"https:\\\/\\\/www.vimto.com\\\/#website\",\"url\":\"https:\\\/\\\/www.vimto.com\\\/\",\"name\":\"Vimto International\",\"description\":\"\",\"potentialAction\":[{\"@type\":\"SearchAction\",\"target\":{\"@type\":\"EntryPoint\",\"urlTemplate\":\"https:\\\/\\\/www.vimto.com\\\/?s={search_term_string}\"},\"query-input\":{\"@type\":\"PropertyValueSpecification\",\"valueRequired\":true,\"valueName\":\"search_term_string\"}}],\"inLanguage\":\"fr-FR\"}]}<\/script>\n<!-- \/ Yoast SEO plugin. -->","yoast_head_json":{"title":"\"Waves for Change\" - Vimto International","robots":{"index":"index","follow":"follow","max-snippet":"max-snippet:-1","max-image-preview":"max-image-preview:large","max-video-preview":"max-video-preview:-1"},"canonical":"https:\/\/www.vimto.com\/fr\/page-waves-for-change\/","og_locale":"fr_FR","og_type":"article","og_title":"\"Waves for Change\" - Vimto International","og_url":"https:\/\/www.vimto.com\/fr\/page-waves-for-change\/","og_site_name":"Vimto International","article_modified_time":"2023-01-19T16:19:51+00:00","twitter_card":"summary_large_image","schema":{"@context":"https:\/\/schema.org","@graph":[{"@type":"WebPage","@id":"https:\/\/www.vimto.com\/fr\/page-waves-for-change\/","url":"https:\/\/www.vimto.com\/fr\/page-waves-for-change\/","name":"\"Waves for Change\" - Vimto International","isPartOf":{"@id":"https:\/\/www.vimto.com\/#website"},"datePublished":"2022-04-27T05:13:49+00:00","dateModified":"2023-01-19T16:19:51+00:00","breadcrumb":{"@id":"https:\/\/www.vimto.com\/fr\/page-waves-for-change\/#breadcrumb"},"inLanguage":"fr-FR","potentialAction":[{"@type":"ReadAction","target":["https:\/\/www.vimto.com\/fr\/page-waves-for-change\/"]}]},{"@type":"BreadcrumbList","@id":"https:\/\/www.vimto.com\/fr\/page-waves-for-change\/#breadcrumb","itemListElement":[{"@type":"ListItem","position":1,"name":"Home","item":"https:\/\/www.vimto.com\/fr\/"},{"@type":"ListItem","position":2,"name":"&#8220;Waves for Change&#8221;"}]},{"@type":"WebSite","@id":"https:\/\/www.vimto.com\/#website","url":"https:\/\/www.vimto.com\/","name":"Vimto International","description":"","potentialAction":[{"@type":"SearchAction","target":{"@type":"EntryPoint","urlTemplate":"https:\/\/www.vimto.com\/?s={search_term_string}"},"query-input":{"@type":"PropertyValueSpecification","valueRequired":true,"valueName":"search_term_string"}}],"inLanguage":"fr-FR"}]}},"_links":{"self":[{"href":"https:\/\/www.vimto.com\/fr\/wp-json\/wp\/v2\/pages\/1852","targetHints":{"allow":["GET"]}}],"collection":[{"href":"https:\/\/www.vimto.com\/fr\/wp-json\/wp\/v2\/pages"}],"about":[{"href":"https:\/\/www.vimto.com\/fr\/wp-json\/wp\/v2\/types\/page"}],"author":[{"embeddable":true,"href":"https:\/\/www.vimto.com\/fr\/wp-json\/wp\/v2\/users\/7"}],"replies":[{"embeddable":true,"href":"https:\/\/www.vimto.com\/fr\/wp-json\/wp\/v2\/comments?post=1852"}],"version-history":[{"count":0,"href":"https:\/\/www.vimto.com\/fr\/wp-json\/wp\/v2\/pages\/1852\/revisions"}],"wp:attachment":[{"href":"https:\/\/www.vimto.com\/fr\/wp-json\/wp\/v2\/media?parent=1852"}],"curies":[{"name":"wp","href":"https:\/\/api.w.org\/{rel}","templated":true}]}}